{"id":1745,"date":"2025-06-12T13:25:22","date_gmt":"2025-06-12T11:25:22","guid":{"rendered":"https:\/\/ontimesolutions.pl\/?page_id=1745"},"modified":"2026-03-11T09:28:47","modified_gmt":"2026-03-11T08:28:47","slug":"uber-uns","status":"publish","type":"page","link":"https:\/\/ontimesolutions.pl\/de\/uber-uns\/","title":{"rendered":"\u00dcber uns"},"content":{"rendered":"<div data-elementor-type=\"wp-page\" data-elementor-id=\"1745\" class=\"elementor elementor-1745\" data-elementor-post-type=\"page\">\n\t\t\t\t<div class=\"elementor-element elementor-element-164b421 e-flex e-con-boxed e-con e-parent\" data-id=\"164b421\" data-element_type=\"container\" data-e-type=\"container\" data-settings=\"{&quot;background_background&quot;:&quot;classic&quot;}\">\n\t\t\t\t\t<div class=\"e-con-inner\">\n\t\t<div class=\"elementor-element elementor-element-1b327cb e-con-full e-flex e-con e-child\" data-id=\"1b327cb\" data-element_type=\"container\" data-e-type=\"container\">\n\t\t\t\t<\/div>\n\t\t\t\t\t<\/div>\n\t\t\t\t<\/div>\n\t\t<div class=\"elementor-element elementor-element-343add6 e-flex e-con-boxed e-con e-parent\" data-id=\"343add6\" data-element_type=\"container\" data-e-type=\"container\">\n\t\t\t\t\t<div class=\"e-con-inner\">\n\t\t<div class=\"elementor-element elementor-element-6b174b1 e-con-full e-flex e-con e-child\" data-id=\"6b174b1\" data-element_type=\"container\" data-e-type=\"container\" data-settings=\"{&quot;background_background&quot;:&quot;classic&quot;}\">\n\t\t\t\t<div class=\"elementor-element elementor-element-95ed81a elementor-widget elementor-widget-heading\" data-id=\"95ed81a\" data-element_type=\"widget\" data-e-type=\"widget\" data-widget_type=\"heading.default\">\n\t\t\t\t\t<h2 class=\"elementor-heading-title elementor-size-default\">Von der Leidenschaft zur Professionalit\u00e4t - die Geschichte von ON-Time Solutions<\/h2>\t\t\t\t<\/div>\n\t\t\t\t<div class=\"elementor-element elementor-element-e2967a3 elementor-widget elementor-widget-text-editor\" data-id=\"e2967a3\" data-element_type=\"widget\" data-e-type=\"widget\" data-widget_type=\"text-editor.default\">\n\t\t\t\t\t\t\t\t\t<p>ON-Time Solutions ist ein Beispiel daf\u00fcr, wie Entschlossenheit, Engagement und Visionen ein Ein-Personen-Unternehmen in eine starke, anerkannte Marke auf dem Stahlbaumarkt verwandeln k\u00f6nnen - nicht nur in Polen, sondern auch im Ausland.<\/p>\n<p>Unsere Geschichte begann im Jahr 2015, als Daniel Lugowski - der Gr\u00fcnder des Unternehmens - beschloss, etwas Eigenes zu schaffen. Als urspr\u00fcngliches Unternehmen des Inhabers f\u00fchrte es zun\u00e4chst kleine Auftr\u00e4ge im Zusammenhang mit der Herstellung und Montage von Stahlelementen aus. Jedes Projekt war eine Gelegenheit, Erfahrungen zu sammeln und das Vertrauen der Kunden zu gewinnen. Mit der Zeit kamen immer mehr Herausforderungen und so wurde ON -Time Solutions geboren - gr\u00f6\u00dfere Auftr\u00e4ge, anspruchsvollere Realisierungen - und mit ihnen kam die Notwendigkeit, ein Team zu bilden.<\/p>\n<p>Heute, nach <strong>10 Jahre<\/strong> dynamische Entwicklung, ON-Time Solutions ist ein Team von <strong>15 qualifizierte Fachleute<\/strong>die eine Erfolgsbilanz aufweisen kann <strong>mehr als 217 abgeschlossene Projekte<\/strong>. Wir arbeiten f\u00fcr Einzelkunden, die Industrie, die Landwirtschaft und die Infrastrukturbranche - sowohl in Polen als auch auf dem europ\u00e4ischen und skandinavischen Markt.<\/p>\t\t\t\t\t\t\t\t<\/div>\n\t\t\t\t<\/div>\n\t\t<div class=\"elementor-element elementor-element-e64babe e-con-full e-flex e-con e-child\" data-id=\"e64babe\" data-element_type=\"container\" data-e-type=\"container\" data-settings=\"{&quot;background_background&quot;:&quot;classic&quot;}\">\n\t\t\t\t<\/div>\n\t\t\t\t\t<\/div>\n\t\t\t\t<\/div>\n\t\t<div class=\"elementor-element elementor-element-75a4177 e-flex e-con-boxed e-con e-parent\" data-id=\"75a4177\" data-element_type=\"container\" data-e-type=\"container\" data-settings=\"{&quot;background_background&quot;:&quot;classic&quot;}\">\n\t\t\t\t\t<div class=\"e-con-inner\">\n\t\t<div class=\"elementor-element elementor-element-96d9e18 e-con-full e-flex e-con e-child\" data-id=\"96d9e18\" data-element_type=\"container\" data-e-type=\"container\">\n\t\t\t\t<div class=\"elementor-element elementor-element-b70ff8a elementor-widget elementor-widget-heading\" data-id=\"b70ff8a\" data-element_type=\"widget\" data-e-type=\"widget\" data-widget_type=\"heading.default\">\n\t\t\t\t\t<h2 class=\"elementor-heading-title elementor-size-default\">Was uns auszeichnet<\/h2>\t\t\t\t<\/div>\n\t\t\t\t<\/div>\n\t\t\t\t\t<\/div>\n\t\t\t\t<\/div>\n\t\t<div class=\"elementor-element elementor-element-f934eb8 e-grid e-con-boxed e-con e-child\" data-id=\"f934eb8\" data-element_type=\"container\" data-e-type=\"container\" data-settings=\"{&quot;background_background&quot;:&quot;classic&quot;}\">\n\t\t\t\t\t<div class=\"e-con-inner\">\n\t\t<div class=\"elementor-element elementor-element-cc9fe24 e-con-full e-flex e-con e-child\" data-id=\"cc9fe24\" data-element_type=\"container\" data-e-type=\"container\" data-settings=\"{&quot;background_background&quot;:&quot;classic&quot;}\">\n\t\t\t\t<div class=\"elementor-element elementor-element-74cd108 elementor-position-top elementor-position-top elementor-widget elementor-widget-image-box\" data-id=\"74cd108\" data-element_type=\"widget\" data-e-type=\"widget\" data-widget_type=\"image-box.default\">\n\t\t\t\t\t<div class=\"elementor-image-box-wrapper\"><figure class=\"elementor-image-box-img\"><img fetchpriority=\"high\" decoding=\"async\" width=\"600\" height=\"600\" src=\"https:\/\/ontimesolutions.pl\/wp-content\/uploads\/2025\/04\/ikona-01.png\" class=\"attachment-full size-full wp-image-1027\" alt=\"Kalender-Symbol\" srcset=\"https:\/\/ontimesolutions.pl\/wp-content\/uploads\/2025\/04\/ikona-01.png 600w, https:\/\/ontimesolutions.pl\/wp-content\/uploads\/2025\/04\/ikona-01-300x300.png 300w, https:\/\/ontimesolutions.pl\/wp-content\/uploads\/2025\/04\/ikona-01-150x150.png 150w\" sizes=\"(max-width: 600px) 100vw, 600px\" \/><\/figure><div class=\"elementor-image-box-content\"><h3 class=\"elementor-image-box-title\">P\u00fcnktlichkeit<\/h3><p class=\"elementor-image-box-description\">Wir setzen uns daf\u00fcr ein, dass jedes Projekt fristgerecht abgeschlossen wird.<\/p><\/div><\/div>\t\t\t\t<\/div>\n\t\t\t\t<\/div>\n\t\t<div class=\"elementor-element elementor-element-94cffe5 e-con-full e-flex e-con e-child\" data-id=\"94cffe5\" data-element_type=\"container\" data-e-type=\"container\" data-settings=\"{&quot;background_background&quot;:&quot;classic&quot;}\">\n\t\t\t\t<div class=\"elementor-element elementor-element-0d0d0dd elementor-position-top elementor-position-top elementor-widget elementor-widget-image-box\" data-id=\"0d0d0dd\" data-element_type=\"widget\" data-e-type=\"widget\" data-widget_type=\"image-box.default\">\n\t\t\t\t\t<div class=\"elementor-image-box-wrapper\"><figure class=\"elementor-image-box-img\"><img decoding=\"async\" width=\"600\" height=\"600\" src=\"https:\/\/ontimesolutions.pl\/wp-content\/uploads\/2025\/04\/ikona-02.png\" class=\"attachment-full size-full wp-image-1029\" alt=\"Icon-Diagramm\" srcset=\"https:\/\/ontimesolutions.pl\/wp-content\/uploads\/2025\/04\/ikona-02.png 600w, https:\/\/ontimesolutions.pl\/wp-content\/uploads\/2025\/04\/ikona-02-300x300.png 300w, https:\/\/ontimesolutions.pl\/wp-content\/uploads\/2025\/04\/ikona-02-150x150.png 150w\" sizes=\"(max-width: 600px) 100vw, 600px\" \/><\/figure><div class=\"elementor-image-box-content\"><h3 class=\"elementor-image-box-title\">Umfassende Dienstleistungen<\/h3><p class=\"elementor-image-box-description\">Wir sind in den gesamten Auftragsprozess eingebunden - von der Konstruktion \u00fcber die Produktion und den Korrosionsschutz bis hin zur Logistik und Montage.<\/p><\/div><\/div>\t\t\t\t<\/div>\n\t\t\t\t<\/div>\n\t\t<div class=\"elementor-element elementor-element-1723051 e-con-full e-flex e-con e-child\" data-id=\"1723051\" data-element_type=\"container\" data-e-type=\"container\" data-settings=\"{&quot;background_background&quot;:&quot;classic&quot;}\">\n\t\t\t\t<div class=\"elementor-element elementor-element-af01b96 elementor-position-top elementor-position-top elementor-widget elementor-widget-image-box\" data-id=\"af01b96\" data-element_type=\"widget\" data-e-type=\"widget\" data-widget_type=\"image-box.default\">\n\t\t\t\t\t<div class=\"elementor-image-box-wrapper\"><figure class=\"elementor-image-box-img\"><img decoding=\"async\" width=\"600\" height=\"600\" src=\"https:\/\/ontimesolutions.pl\/wp-content\/uploads\/2025\/04\/ikona-03.png\" class=\"attachment-full size-full wp-image-1030\" alt=\"Symbol einstellen\" srcset=\"https:\/\/ontimesolutions.pl\/wp-content\/uploads\/2025\/04\/ikona-03.png 600w, https:\/\/ontimesolutions.pl\/wp-content\/uploads\/2025\/04\/ikona-03-300x300.png 300w, https:\/\/ontimesolutions.pl\/wp-content\/uploads\/2025\/04\/ikona-03-150x150.png 150w\" sizes=\"(max-width: 600px) 100vw, 600px\" \/><\/figure><div class=\"elementor-image-box-content\"><h3 class=\"elementor-image-box-title\">Unterst\u00fctzung und Koordinierung<\/h3><p class=\"elementor-image-box-description\">Wir bieten eine vollst\u00e4ndige Projekt\u00fcberwachung, einschlie\u00dflich der Koordinierung der technischen und Ausf\u00fchrungsdokumentation.<\/p><\/div><\/div>\t\t\t\t<\/div>\n\t\t\t\t<\/div>\n\t\t<div class=\"elementor-element elementor-element-cc4002e e-con-full e-flex e-con e-child\" data-id=\"cc4002e\" data-element_type=\"container\" data-e-type=\"container\" data-settings=\"{&quot;background_background&quot;:&quot;classic&quot;}\">\n\t\t\t\t<div class=\"elementor-element elementor-element-61ccd00 elementor-position-top elementor-position-top elementor-widget elementor-widget-image-box\" data-id=\"61ccd00\" data-element_type=\"widget\" data-e-type=\"widget\" data-widget_type=\"image-box.default\">\n\t\t\t\t\t<div class=\"elementor-image-box-wrapper\"><figure class=\"elementor-image-box-img\"><img loading=\"lazy\" decoding=\"async\" width=\"600\" height=\"600\" src=\"https:\/\/ontimesolutions.pl\/wp-content\/uploads\/2025\/04\/ikona-04.png\" class=\"attachment-full size-full wp-image-1031\" alt=\"Icon-Karte von Europa\" srcset=\"https:\/\/ontimesolutions.pl\/wp-content\/uploads\/2025\/04\/ikona-04.png 600w, https:\/\/ontimesolutions.pl\/wp-content\/uploads\/2025\/04\/ikona-04-300x300.png 300w, https:\/\/ontimesolutions.pl\/wp-content\/uploads\/2025\/04\/ikona-04-150x150.png 150w\" sizes=\"(max-width: 600px) 100vw, 600px\" \/><\/figure><div class=\"elementor-image-box-content\"><h3 class=\"elementor-image-box-title\">Internationale Erfahrung<\/h3><p class=\"elementor-image-box-description\">Wir sind auf dem europ\u00e4ischen und dem skandinavischen Markt t\u00e4tig, aber auch im\nim Ausland.<\/p><\/div><\/div>\t\t\t\t<\/div>\n\t\t\t\t<\/div>\n\t\t<div class=\"elementor-element elementor-element-913fea7 e-con-full e-flex e-con e-child\" data-id=\"913fea7\" data-element_type=\"container\" data-e-type=\"container\" data-settings=\"{&quot;background_background&quot;:&quot;classic&quot;}\">\n\t\t\t\t<div class=\"elementor-element elementor-element-5a92c35 elementor-position-top elementor-position-top elementor-widget elementor-widget-image-box\" data-id=\"5a92c35\" data-element_type=\"widget\" data-e-type=\"widget\" data-widget_type=\"image-box.default\">\n\t\t\t\t\t<div class=\"elementor-image-box-wrapper\"><figure class=\"elementor-image-box-img\"><img loading=\"lazy\" decoding=\"async\" width=\"600\" height=\"600\" src=\"https:\/\/ontimesolutions.pl\/wp-content\/uploads\/2025\/04\/ikona-05.png\" class=\"attachment-full size-full wp-image-1032\" alt=\"Zertifikat-Symbol\" srcset=\"https:\/\/ontimesolutions.pl\/wp-content\/uploads\/2025\/04\/ikona-05.png 600w, https:\/\/ontimesolutions.pl\/wp-content\/uploads\/2025\/04\/ikona-05-300x300.png 300w, https:\/\/ontimesolutions.pl\/wp-content\/uploads\/2025\/04\/ikona-05-150x150.png 150w\" sizes=\"(max-width: 600px) 100vw, 600px\" \/><\/figure><div class=\"elementor-image-box-content\"><h3 class=\"elementor-image-box-title\">Bescheinigungen<\/h3><p class=\"elementor-image-box-description\">Wir sind f\u00fcr die Arbeit mit bestimmten Strukturprofilen zertifiziert.<\/p><\/div><\/div>\t\t\t\t<\/div>\n\t\t\t\t<\/div>\n\t\t<div class=\"elementor-element elementor-element-a33d40d e-con-full e-flex e-con e-child\" data-id=\"a33d40d\" data-element_type=\"container\" data-e-type=\"container\" data-settings=\"{&quot;background_background&quot;:&quot;classic&quot;}\">\n\t\t\t\t<div class=\"elementor-element elementor-element-b741849 elementor-position-top elementor-position-top elementor-widget elementor-widget-image-box\" data-id=\"b741849\" data-element_type=\"widget\" data-e-type=\"widget\" data-widget_type=\"image-box.default\">\n\t\t\t\t\t<div class=\"elementor-image-box-wrapper\"><figure class=\"elementor-image-box-img\"><img loading=\"lazy\" decoding=\"async\" width=\"600\" height=\"600\" src=\"https:\/\/ontimesolutions.pl\/wp-content\/uploads\/2025\/04\/ikona-06.png\" class=\"attachment-full size-full wp-image-1028\" alt=\"Symbol f\u00fcr Konnektivit\u00e4t\" srcset=\"https:\/\/ontimesolutions.pl\/wp-content\/uploads\/2025\/04\/ikona-06.png 600w, https:\/\/ontimesolutions.pl\/wp-content\/uploads\/2025\/04\/ikona-06-300x300.png 300w, https:\/\/ontimesolutions.pl\/wp-content\/uploads\/2025\/04\/ikona-06-150x150.png 150w\" sizes=\"(max-width: 600px) 100vw, 600px\" \/><\/figure><div class=\"elementor-image-box-content\"><h3 class=\"elementor-image-box-title\">Zusammenarbeit mit Partnerunternehmen<\/h3><p class=\"elementor-image-box-description\">Wir arbeiten mit Planungsb\u00fcros und\nLogistik- und Bauunternehmen zusammen, was uns die Integration unseres Angebots erm\u00f6glicht.<\/p><\/div><\/div>\t\t\t\t<\/div>\n\t\t\t\t<\/div>\n\t\t\t\t\t<\/div>\n\t\t\t\t<\/div>\n\t\t<div class=\"elementor-element elementor-element-f0b2d7a e-con-full e-flex e-con e-parent\" data-id=\"f0b2d7a\" data-element_type=\"container\" data-e-type=\"container\">\n\t\t<div class=\"elementor-element elementor-element-4c9e907 e-con-full e-flex e-con e-child\" data-id=\"4c9e907\" data-element_type=\"container\" data-e-type=\"container\" data-settings=\"{&quot;background_background&quot;:&quot;classic&quot;}\">\n\t\t<div class=\"elementor-element elementor-element-affc9a2 e-con-full e-flex e-con e-child\" data-id=\"affc9a2\" data-element_type=\"container\" data-e-type=\"container\">\n\t\t<div class=\"elementor-element elementor-element-100d21e e-con-full e-flex e-con e-child\" data-id=\"100d21e\" data-element_type=\"container\" data-e-type=\"container\">\n\t\t\t\t<div class=\"elementor-element elementor-element-e6fc56b elementor-widget elementor-widget-heading\" data-id=\"e6fc56b\" data-element_type=\"widget\" data-e-type=\"widget\" data-widget_type=\"heading.default\">\n\t\t\t\t\t<h2 class=\"elementor-heading-title elementor-size-default\">Heute - und morgen<\/h2>\t\t\t\t<\/div>\n\t\t\t\t<div class=\"elementor-element elementor-element-791d6b1 elementor-widget elementor-widget-text-editor\" data-id=\"791d6b1\" data-element_type=\"widget\" data-e-type=\"widget\" data-widget_type=\"text-editor.default\">\n\t\t\t\t\t\t\t\t\t<p>F\u00fcr uns sind Beziehungen das Wichtigste - zu Kunden, Partnern und innerhalb des Teams. Wir investieren kontinuierlich in Entwicklung, Technologie und Menschen. Wir wollen ein Unternehmen sein, mit dem es sich lohnt zu arbeiten, zu dem man zur\u00fcckkommt und das man weiterempfiehlt.<\/p><p>Wenn Sie einen Partner suchen, der solide Handwerkskunst mit einem modernen Ansatz verbindet, sind Sie bei uns richtig.<\/p><p><strong>ON-Time Solutions - Ihr Design, unser Design.<\/strong><\/p>\t\t\t\t\t\t\t\t<\/div>\n\t\t\t\t<\/div>\n\t\t\t\t<\/div>\n\t\t\t\t<\/div>\n\t\t<div class=\"elementor-element elementor-element-85e864a e-con-full e-flex e-con e-child\" data-id=\"85e864a\" data-element_type=\"container\" data-e-type=\"container\" data-settings=\"{&quot;background_background&quot;:&quot;classic&quot;}\">\n\t\t<div class=\"elementor-element elementor-element-a6d4691 e-con-full e-flex e-con e-child\" data-id=\"a6d4691\" data-element_type=\"container\" data-e-type=\"container\">\n\t\t<div class=\"elementor-element elementor-element-8da26f5 e-con-full e-flex e-con e-child\" data-id=\"8da26f5\" data-element_type=\"container\" data-e-type=\"container\">\n\t\t\t\t<div class=\"elementor-element elementor-element-7b8018a elementor-widget elementor-widget-heading\" data-id=\"7b8018a\" data-element_type=\"widget\" data-e-type=\"widget\" data-widget_type=\"heading.default\">\n\t\t\t\t\t<h2 class=\"elementor-heading-title elementor-size-default\">Entscheiden Sie sich f\u00fcr robuste und moderne Stahlkonstruktionen!<\/h2>\t\t\t\t<\/div>\n\t\t\t\t<div class=\"elementor-element elementor-element-7278cb0 elementor-widget elementor-widget-text-editor\" data-id=\"7278cb0\" data-element_type=\"widget\" data-e-type=\"widget\" data-widget_type=\"text-editor.default\">\n\t\t\t\t\t\t\t\t\t<p>Nehmen Sie Kontakt mit uns auf und f\u00fchren Sie Ihr Projekt mit erfahrenen Spezialisten durch.<\/p>\t\t\t\t\t\t\t\t<\/div>\n\t\t\t\t<div class=\"elementor-element elementor-element-6e61d0c elementor-widget elementor-widget-button\" data-id=\"6e61d0c\" data-element_type=\"widget\" data-e-type=\"widget\" data-widget_type=\"button.default\">\n\t\t\t\t\t\t\t\t\t\t<a class=\"elementor-button elementor-button-link elementor-size-sm\" href=\"\/de\/kontakt\/\">\n\t\t\t\t\t\t<span class=\"elementor-button-content-wrapper\">\n\t\t\t\t\t\t\t\t\t<span class=\"elementor-button-text\">Wir freuen uns auf die Zusammenarbeit mit Ihnen<\/span>\n\t\t\t\t\t<\/span>\n\t\t\t\t\t<\/a>\n\t\t\t\t\t\t\t\t<\/div>\n\t\t\t\t<\/div>\n\t\t\t\t<\/div>\n\t\t\t\t<\/div>\n\t\t\t\t<\/div>\n\t\t\t\t<\/div>","protected":false},"excerpt":{"rendered":"<p>Od pasji do profesjonalizmu \u2013 historia ON-Time Solutions ON-Time Solutions to przyk\u0142ad tego, jak determinacja, zaanga\u017cowanie i wizja mog\u0105 przekszta\u0142ci\u0107 jednoosobow\u0105 dzia\u0142alno\u015b\u0107 w siln\u0105, rozpoznawaln\u0105 mark\u0119 na rynku konstrukcji stalowych \u2013 nie tylko w Polsce, ale i za granic\u0105. Nasza historia zacz\u0119\u0142a si\u0119 w 2015 roku, kiedy Daniel \u0141ugowski \u2013 za\u0142o\u017cyciel firmy \u2013 postanowi\u0142 stworzy\u0107 [&hellip;]<\/p>","protected":false},"author":1,"featured_media":1122,"parent":0,"menu_order":0,"comment_status":"closed","ping_status":"closed","template":"","meta":{"_acf_changed":false,"site-sidebar-layout":"no-sidebar","site-content-layout":"page-builder","ast-site-content-layout":"full-width-container","site-content-style":"unboxed","site-sidebar-style":"unboxed","ast-global-header-display":"","ast-banner-title-visibility":"","ast-main-header-display":"","ast-hfb-above-header-display":"","ast-hfb-below-header-display":"","ast-hfb-mobile-header-display":"","site-post-title":"disabled","ast-breadcrumbs-content":"disabled","ast-featured-img":"disabled","footer-sml-layout":"","theme-transparent-header-meta":"enabled","adv-header-id-meta":"","stick-header-meta":"","header-above-stick-meta":"","header-main-stick-meta":"","header-below-stick-meta":"","astra-migrate-meta-layouts":"set","ast-page-background-enabled":"default","ast-page-background-meta":{"desktop":{"background-color":"var(--ast-global-color-4)","background-image":"","background-repeat":"repeat","background-position":"center center","background-size":"auto","background-attachment":"scroll","background-type":"","background-media":"","overlay-type":"","overlay-color":"","overlay-opacity":"","overlay-gradient":""},"tablet":{"background-color":"","background-image":"","background-repeat":"repeat","background-position":"center center","background-size":"auto","background-attachment":"scroll","background-type":"","background-media":"","overlay-type":"","overlay-color":"","overlay-opacity":"","overlay-gradient":""},"mobile":{"background-color":"","background-image":"","background-repeat":"repeat","background-position":"center center","background-size":"auto","background-attachment":"scroll","background-type":"","background-media":"","overlay-type":"","overlay-color":"","overlay-opacity":"","overlay-gradient":""}},"ast-content-background-meta":{"desktop":{"background-color":"var(--ast-global-color-5)","background-image":"","background-repeat":"repeat","background-position":"center center","background-size":"auto","background-attachment":"scroll","background-type":"","background-media":"","overlay-type":"","overlay-color":"","overlay-opacity":"","overlay-gradient":""},"tablet":{"background-color":"var(--ast-global-color-5)","background-image":"","background-repeat":"repeat","background-position":"center center","background-size":"auto","background-attachment":"scroll","background-type":"","background-media":"","overlay-type":"","overlay-color":"","overlay-opacity":"","overlay-gradient":""},"mobile":{"background-color":"var(--ast-global-color-5)","background-image":"","background-repeat":"repeat","background-position":"center center","background-size":"auto","background-attachment":"scroll","background-type":"","background-media":"","overlay-type":"","overlay-color":"","overlay-opacity":"","overlay-gradient":""}},"footnotes":""},"kategorie-dla-stron":[],"class_list":["post-1745","page","type-page","status-publish","has-post-thumbnail","hentry"],"acf":[],"_links":{"self":[{"href":"https:\/\/ontimesolutions.pl\/de\/wp-json\/wp\/v2\/pages\/1745","targetHints":{"allow":["GET"]}}],"collection":[{"href":"https:\/\/ontimesolutions.pl\/de\/wp-json\/wp\/v2\/pages"}],"about":[{"href":"https:\/\/ontimesolutions.pl\/de\/wp-json\/wp\/v2\/types\/page"}],"author":[{"embeddable":true,"href":"https:\/\/ontimesolutions.pl\/de\/wp-json\/wp\/v2\/users\/1"}],"replies":[{"embeddable":true,"href":"https:\/\/ontimesolutions.pl\/de\/wp-json\/wp\/v2\/comments?post=1745"}],"version-history":[{"count":25,"href":"https:\/\/ontimesolutions.pl\/de\/wp-json\/wp\/v2\/pages\/1745\/revisions"}],"predecessor-version":[{"id":2412,"href":"https:\/\/ontimesolutions.pl\/de\/wp-json\/wp\/v2\/pages\/1745\/revisions\/2412"}],"wp:featuredmedia":[{"embeddable":true,"href":"https:\/\/ontimesolutions.pl\/de\/wp-json\/wp\/v2\/media\/1122"}],"wp:attachment":[{"href":"https:\/\/ontimesolutions.pl\/de\/wp-json\/wp\/v2\/media?parent=1745"}],"wp:term":[{"taxonomy":"kategorie-dla-stron","embeddable":true,"href":"https:\/\/ontimesolutions.pl\/de\/wp-json\/wp\/v2\/kategorie-dla-stron?post=1745"}],"curies":[{"name":"wp","href":"https:\/\/api.w.org\/{rel}","templated":true}]}}